{"id":1720,"date":"2021-09-01T08:00:47","date_gmt":"2021-09-01T11:00:47","guid":{"rendered":"https:\/\/www.ecosoft.com.br\/?post_type=product&#038;p=1720"},"modified":"2023-10-20T15:55:14","modified_gmt":"2023-10-20T18:55:14","slug":"monitor-de-condicoes-meteorologicas","status":"publish","type":"product","link":"https:\/\/www.ecosoft.com.br\/en\/equipamento\/monitor-de-condicoes-meteorologicas\/","title":{"rendered":"Monitor de condi\u00e7\u00f5es meteorol\u00f3gicas ECOMT"},"template":"","meta":{"_acf_changed":false},"aplicacao":[29],"fabricante":[55],"parametro_monitoramento":[27,23,26,28,24,25,22],"class_list":["post-1720","product","type-product","status-publish","hentry","aplicacao-monitoramento-meteorologico","fabricante-ecosoft","parametro_monitoramento-chuva","parametro_monitoramento-direcao-do-vento","parametro_monitoramento-pressao-barometrica","parametro_monitoramento-radiacao-solar","parametro_monitoramento-temperatura-do-ar","parametro_monitoramento-umidadedoar","parametro_monitoramento-velocidade-do-vento"],"acf":[],"_links":{"self":[{"href":"https:\/\/www.ecosoft.com.br\/en\/wp-json\/wp\/v2\/product\/1720","targetHints":{"allow":["GET"]}}],"collection":[{"href":"https:\/\/www.ecosoft.com.br\/en\/wp-json\/wp\/v2\/product"}],"about":[{"href":"https:\/\/www.ecosoft.com.br\/en\/wp-json\/wp\/v2\/types\/product"}],"wp:attachment":[{"href":"https:\/\/www.ecosoft.com.br\/en\/wp-json\/wp\/v2\/media?parent=1720"}],"wp:term":[{"taxonomy":"aplicacao","embeddable":true,"href":"https:\/\/www.ecosoft.com.br\/en\/wp-json\/wp\/v2\/aplicacao?post=1720"},{"taxonomy":"fabricante","embeddable":true,"href":"https:\/\/www.ecosoft.com.br\/en\/wp-json\/wp\/v2\/fabricante?post=1720"},{"taxonomy":"parametro_monitoramento","embeddable":true,"href":"https:\/\/www.ecosoft.com.br\/en\/wp-json\/wp\/v2\/parametro_monitoramento?post=1720"}],"curies":[{"name":"wp","href":"https:\/\/api.w.org\/{rel}","templated":true}]}}