{"id":385,"date":"2021-09-01T19:00:59","date_gmt":"2021-09-01T22:00:59","guid":{"rendered":"http:\/\/localhost\/ecosoft-site\/?post_type=product&#038;p=385"},"modified":"2023-10-20T15:52:11","modified_gmt":"2023-10-20T18:52:11","slug":"monitor-automatico-de-particulas-em-suspensao-modelo-ecopm-v1","status":"publish","type":"product","link":"https:\/\/www.ecosoft.com.br\/pt\/equipamento\/monitor-automatico-de-particulas-em-suspensao-modelo-ecopm-v1\/","title":{"rendered":"Monitor autom\u00e1tico de part\u00edculas em suspens\u00e3o ECOPM"},"template":"","meta":{"_acf_changed":false},"aplicacao":[17],"fabricante":[55],"parametro_monitoramento":[60,20,21,19],"class_list":["post-385","product","type-product","status-publish","hentry","aplicacao-monitoramento-da-qualidade-do-ar","fabricante-ecosoft","parametro_monitoramento-mp-1","parametro_monitoramento-mp10","parametro_monitoramento-mp2-5","parametro_monitoramento-pts"],"acf":[],"_links":{"self":[{"href":"https:\/\/www.ecosoft.com.br\/pt\/wp-json\/wp\/v2\/product\/385","targetHints":{"allow":["GET"]}}],"collection":[{"href":"https:\/\/www.ecosoft.com.br\/pt\/wp-json\/wp\/v2\/product"}],"about":[{"href":"https:\/\/www.ecosoft.com.br\/pt\/wp-json\/wp\/v2\/types\/product"}],"wp:attachment":[{"href":"https:\/\/www.ecosoft.com.br\/pt\/wp-json\/wp\/v2\/media?parent=385"}],"wp:term":[{"taxonomy":"aplicacao","embeddable":true,"href":"https:\/\/www.ecosoft.com.br\/pt\/wp-json\/wp\/v2\/aplicacao?post=385"},{"taxonomy":"fabricante","embeddable":true,"href":"https:\/\/www.ecosoft.com.br\/pt\/wp-json\/wp\/v2\/fabricante?post=385"},{"taxonomy":"parametro_monitoramento","embeddable":true,"href":"https:\/\/www.ecosoft.com.br\/pt\/wp-json\/wp\/v2\/parametro_monitoramento?post=385"}],"curies":[{"name":"wp","href":"https:\/\/api.w.org\/{rel}","templated":true}]}}